{"id":477,"date":"2024-08-23T21:35:01","date_gmt":"2024-08-23T21:35:01","guid":{"rendered":"https:\/\/riomisound.com\/?page_id=477"},"modified":"2024-08-24T17:27:50","modified_gmt":"2024-08-24T17:27:50","slug":"music","status":"publish","type":"page","link":"https:\/\/riomisound.com\/es\/music\/","title":{"rendered":"M\u00daSICA"},"content":{"rendered":"<div data-elementor-type=\"wp-page\" data-elementor-id=\"477\" class=\"elementor elementor-477\" data-elementor-post-type=\"page\">\n\t\t\t\t\t\t<section class=\"elementor-section elementor-top-section elementor-element elementor-element-76d89df5 elementor-section-boxed elementor-section-height-default elementor-section-height-default\" data-id=\"76d89df5\" data-element_type=\"section\" data-e-type=\"section\" data-settings=\"{&quot;background_background&quot;:&quot;classic&quot;}\">\n\t\t\t\t\t\t<div class=\"elementor-container elementor-column-gap-wider\">\n\t\t\t\t\t<div class=\"elementor-column elementor-col-100 elementor-top-column elementor-element elementor-element-57794c99\" data-id=\"57794c99\" data-element_type=\"column\" data-e-type=\"column\">\n\t\t\t<div class=\"elementor-widget-wrap elementor-element-populated\">\n\t\t\t\t\t\t<section class=\"elementor-section elementor-inner-section elementor-element elementor-element-74b39d8f elementor-section-boxed elementor-section-height-default elementor-section-height-default\" data-id=\"74b39d8f\" data-element_type=\"section\" data-e-type=\"section\" data-settings=\"{&quot;background_background&quot;:&quot;classic&quot;}\">\n\t\t\t\t\t\t<div class=\"elementor-container elementor-column-gap-default\">\n\t\t\t\t\t<div class=\"elementor-column elementor-col-100 elementor-inner-column elementor-element elementor-element-10e811c2\" data-id=\"10e811c2\" data-element_type=\"column\" data-e-type=\"column\">\n\t\t\t<div class=\"elementor-widget-wrap elementor-element-populated\">\n\t\t\t\t\t\t<div class=\"elementor-element elementor-element-4c656a3e elementor-widget elementor-widget-heading\" data-id=\"4c656a3e\" data-element_type=\"widget\" data-e-type=\"widget\" data-widget_type=\"heading.default\">\n\t\t\t\t<div class=\"elementor-widget-container\">\n\t\t\t\t\t<h1 class=\"elementor-heading-title elementor-size-default\">M\u00daSICA<\/h1>\t\t\t\t<\/div>\n\t\t\t\t<\/div>\n\t\t\t\t<div class=\"elementor-element elementor-element-6eb4fcca elementor-widget-divider--view-line elementor-widget elementor-widget-divider\" data-id=\"6eb4fcca\" data-element_type=\"widget\" data-e-type=\"widget\" data-widget_type=\"divider.default\">\n\t\t\t\t<div class=\"elementor-widget-container\">\n\t\t\t\t\t\t\t<div class=\"elementor-divider\">\n\t\t\t<span class=\"elementor-divider-separator\">\n\t\t\t\t\t\t<\/span>\n\t\t<\/div>\n\t\t\t\t\t\t<\/div>\n\t\t\t\t<\/div>\n\t\t\t\t<div class=\"elementor-element elementor-element-2c55b417 elementor-widget elementor-widget-text-editor\" data-id=\"2c55b417\" data-element_type=\"widget\" data-e-type=\"widget\" data-widget_type=\"text-editor.default\">\n\t\t\t\t<div class=\"elementor-widget-container\">\n\t\t\t\t\t\t\t\t\t<p>La m\u00fasica es el idioma universal que habla directamente al coraz\u00f3n\u2014d\u00e9janos componer la banda sonora que cuente tu historia.<\/p>\t\t\t\t\t\t\t\t<\/div>\n\t\t\t\t<\/div>\n\t\t\t\t\t<\/div>\n\t\t<\/div>\n\t\t\t\t\t<\/div>\n\t\t<\/section>\n\t\t\t\t<section class=\"elementor-section elementor-inner-section elementor-element elementor-element-4f1651aa elementor-section-boxed elementor-section-height-default elementor-section-height-default\" data-id=\"4f1651aa\" data-element_type=\"section\" data-e-type=\"section\" data-settings=\"{&quot;background_background&quot;:&quot;classic&quot;}\">\n\t\t\t\t\t\t<div class=\"elementor-container elementor-column-gap-default\">\n\t\t\t\t\t<div class=\"elementor-column elementor-col-100 elementor-inner-column elementor-element elementor-element-5b2377ed\" data-id=\"5b2377ed\" data-element_type=\"column\" data-e-type=\"column\">\n\t\t\t<div class=\"elementor-widget-wrap elementor-element-populated\">\n\t\t\t\t\t\t<div class=\"elementor-element elementor-element-1993a704 elementor-widget elementor-widget-heading\" data-id=\"1993a704\" data-element_type=\"widget\" data-e-type=\"widget\" data-widget_type=\"heading.default\">\n\t\t\t\t<div class=\"elementor-widget-container\">\n\t\t\t\t\t<h3 class=\"elementor-heading-title elementor-size-default\">COMPOSICI\u00d3N MUSICAL<\/h3>\t\t\t\t<\/div>\n\t\t\t\t<\/div>\n\t\t\t\t<div class=\"elementor-element elementor-element-1778db0e elementor-widget elementor-widget-text-editor\" data-id=\"1778db0e\" data-element_type=\"widget\" data-e-type=\"widget\" data-widget_type=\"text-editor.default\">\n\t\t\t\t<div class=\"elementor-widget-container\">\n\t\t\t\t\t\t\t\t\t<p>Con experiencia en la composici\u00f3n musical para m\u00e1s de 2,000 proyectos, nuestro equipo se destaca en la creaci\u00f3n de bandas sonoras impactantes para publicidad, pel\u00edculas, series, documentales y m\u00e1s. Ya sea una partitura poderosa para un anuncio o una banda sonora evocadora para un largometraje, damos vida a tu visi\u00f3n a trav\u00e9s de la m\u00fasica. Nuestro trabajo no solo ha resonado con el p\u00fablico, sino que tambi\u00e9n ha recibido premios, lo que es un testimonio de la calidad e impacto de nuestras composiciones. \u00bfHe mencionado que tambi\u00e9n mezclamos en Dolby Atmos?<\/p>\t\t\t\t\t\t\t\t<\/div>\n\t\t\t\t<\/div>\n\t\t\t\t\t<\/div>\n\t\t<\/div>\n\t\t\t\t\t<\/div>\n\t\t<\/section>\n\t\t\t\t\t<\/div>\n\t\t<\/div>\n\t\t\t\t\t<\/div>\n\t\t<\/section>\n\t\t<div class=\"elementor-element elementor-element-58d2830 e-flex e-con-boxed e-con e-parent\" data-id=\"58d2830\" data-element_type=\"container\" data-e-type=\"container\">\n\t\t\t\t\t<div class=\"e-con-inner\">\n\t\t<div class=\"elementor-element elementor-element-7651ef3 e-grid e-con-boxed e-con e-child\" data-id=\"7651ef3\" data-element_type=\"container\" data-e-type=\"container\">\n\t\t\t\t\t<div class=\"e-con-inner\">\n\t\t\t\t<div class=\"elementor-element elementor-element-cb50956 elementor-widget elementor-widget-video\" data-id=\"cb50956\" data-element_type=\"widget\" data-e-type=\"widget\" data-settings=\"{&quot;youtube_url&quot;:&quot;https:\\\/\\\/www.youtube.com\\\/watch?v=MffN4W02ylk&quot;,&quot;video_type&quot;:&quot;youtube&quot;,&quot;controls&quot;:&quot;yes&quot;}\" data-widget_type=\"video.default\">\n\t\t\t\t<div class=\"elementor-widget-container\">\n\t\t\t\t\t\t\t<div class=\"elementor-wrapper elementor-open-inline\">\n\t\t\t<div class=\"elementor-video\"><\/div>\t\t<\/div>\n\t\t\t\t\t\t<\/div>\n\t\t\t\t<\/div>\n\t\t\t\t<div class=\"elementor-element elementor-element-8ad5f66 elementor-widget elementor-widget-video\" data-id=\"8ad5f66\" data-element_type=\"widget\" data-e-type=\"widget\" data-settings=\"{&quot;youtube_url&quot;:&quot;https:\\\/\\\/www.youtube.com\\\/watch?v=EFXcEWalXBI&quot;,&quot;video_type&quot;:&quot;youtube&quot;,&quot;controls&quot;:&quot;yes&quot;}\" data-widget_type=\"video.default\">\n\t\t\t\t<div class=\"elementor-widget-container\">\n\t\t\t\t\t\t\t<div class=\"elementor-wrapper elementor-open-inline\">\n\t\t\t<div class=\"elementor-video\"><\/div>\t\t<\/div>\n\t\t\t\t\t\t<\/div>\n\t\t\t\t<\/div>\n\t\t\t\t<div class=\"elementor-element elementor-element-c787350 elementor-widget elementor-widget-video\" data-id=\"c787350\" data-element_type=\"widget\" data-e-type=\"widget\" data-settings=\"{&quot;youtube_url&quot;:&quot;https:\\\/\\\/www.youtube.com\\\/watch?v=6HMnoWy_Zqw&quot;,&quot;video_type&quot;:&quot;youtube&quot;,&quot;controls&quot;:&quot;yes&quot;}\" data-widget_type=\"video.default\">\n\t\t\t\t<div class=\"elementor-widget-container\">\n\t\t\t\t\t\t\t<div class=\"elementor-wrapper elementor-open-inline\">\n\t\t\t<div class=\"elementor-video\"><\/div>\t\t<\/div>\n\t\t\t\t\t\t<\/div>\n\t\t\t\t<\/div>\n\t\t\t\t<div class=\"elementor-element elementor-element-b4fa99f elementor-widget elementor-widget-video\" data-id=\"b4fa99f\" data-element_type=\"widget\" data-e-type=\"widget\" data-settings=\"{&quot;youtube_url&quot;:&quot;https:\\\/\\\/www.youtube.com\\\/watch?v=BOC--f-r7II&quot;,&quot;video_type&quot;:&quot;youtube&quot;,&quot;controls&quot;:&quot;yes&quot;}\" data-widget_type=\"video.default\">\n\t\t\t\t<div class=\"elementor-widget-container\">\n\t\t\t\t\t\t\t<div class=\"elementor-wrapper elementor-open-inline\">\n\t\t\t<div class=\"elementor-video\"><\/div>\t\t<\/div>\n\t\t\t\t\t\t<\/div>\n\t\t\t\t<\/div>\n\t\t\t\t<div class=\"elementor-element elementor-element-bcf4579 elementor-widget elementor-widget-video\" data-id=\"bcf4579\" data-element_type=\"widget\" data-e-type=\"widget\" data-settings=\"{&quot;youtube_url&quot;:&quot;https:\\\/\\\/www.youtube.com\\\/watch?v=9ouxxLX6Lj4&quot;,&quot;video_type&quot;:&quot;youtube&quot;,&quot;controls&quot;:&quot;yes&quot;}\" data-widget_type=\"video.default\">\n\t\t\t\t<div class=\"elementor-widget-container\">\n\t\t\t\t\t\t\t<div class=\"elementor-wrapper elementor-open-inline\">\n\t\t\t<div class=\"elementor-video\"><\/div>\t\t<\/div>\n\t\t\t\t\t\t<\/div>\n\t\t\t\t<\/div>\n\t\t\t\t<div class=\"elementor-element elementor-element-ad75af4 elementor-widget elementor-widget-video\" data-id=\"ad75af4\" data-element_type=\"widget\" data-e-type=\"widget\" data-settings=\"{&quot;youtube_url&quot;:&quot;https:\\\/\\\/www.youtube.com\\\/watch?v=jFxaNN7JMag&quot;,&quot;video_type&quot;:&quot;youtube&quot;,&quot;controls&quot;:&quot;yes&quot;}\" data-widget_type=\"video.default\">\n\t\t\t\t<div class=\"elementor-widget-container\">\n\t\t\t\t\t\t\t<div class=\"elementor-wrapper elementor-open-inline\">\n\t\t\t<div class=\"elementor-video\"><\/div>\t\t<\/div>\n\t\t\t\t\t\t<\/div>\n\t\t\t\t<\/div>\n\t\t\t\t\t<\/div>\n\t\t\t\t<\/div>\n\t\t\t\t\t<\/div>\n\t\t\t\t<\/div>\n\t\t\t\t<section class=\"elementor-section elementor-top-section elementor-element elementor-element-9d34bca elementor-section-boxed elementor-section-height-default elementor-section-height-default\" data-id=\"9d34bca\" data-element_type=\"section\" data-e-type=\"section\" data-settings=\"{&quot;background_background&quot;:&quot;classic&quot;}\">\n\t\t\t\t\t\t<div class=\"elementor-container elementor-column-gap-wider\">\n\t\t\t\t\t<div class=\"elementor-column elementor-col-100 elementor-top-column elementor-element elementor-element-54f0961\" data-id=\"54f0961\" data-element_type=\"column\" data-e-type=\"column\">\n\t\t\t<div class=\"elementor-widget-wrap elementor-element-populated\">\n\t\t\t\t\t\t<section class=\"elementor-section elementor-inner-section elementor-element elementor-element-3cb5c02 elementor-section-boxed elementor-section-height-default elementor-section-height-default\" data-id=\"3cb5c02\" data-element_type=\"section\" data-e-type=\"section\" data-settings=\"{&quot;background_background&quot;:&quot;classic&quot;}\">\n\t\t\t\t\t\t<div class=\"elementor-container elementor-column-gap-default\">\n\t\t\t\t\t<div class=\"elementor-column elementor-col-100 elementor-inner-column elementor-element elementor-element-f3d8dcc\" data-id=\"f3d8dcc\" data-element_type=\"column\" data-e-type=\"column\">\n\t\t\t<div class=\"elementor-widget-wrap elementor-element-populated\">\n\t\t\t\t\t\t<div class=\"elementor-element elementor-element-e7d9f85 elementor-widget elementor-widget-heading\" data-id=\"e7d9f85\" data-element_type=\"widget\" data-e-type=\"widget\" data-widget_type=\"heading.default\">\n\t\t\t\t<div class=\"elementor-widget-container\">\n\t\t\t\t\t<h3 class=\"elementor-heading-title elementor-size-default\">SINCRONIZACI\u00d3N MUSICAL CON NUESTRA AMPLIA LIBRER\u00cdA<\/h3>\t\t\t\t<\/div>\n\t\t\t\t<\/div>\n\t\t\t\t<div class=\"elementor-element elementor-element-32bdfa4 elementor-widget elementor-widget-text-editor\" data-id=\"32bdfa4\" data-element_type=\"widget\" data-e-type=\"widget\" data-widget_type=\"text-editor.default\">\n\t\t\t\t<div class=\"elementor-widget-container\">\n\t\t\t\t\t\t\t\t\t<p>Nuestra vasta biblioteca de m\u00fasica ofrece una amplia gama de estilos, desde sinf\u00f3nicos hasta pop, mainstream e incluso experimentales. Estas obras est\u00e1n dise\u00f1adas para una f\u00e1cil sincronizaci\u00f3n o uso directo en cualquier proyecto. Dado que poseemos todas nuestras composiciones, podemos trabajar directamente con los stems para crear el sonido perfecto para tus necesidades, ofreciendo rapidez y eficiencia en costes.<\/p>\t\t\t\t\t\t\t\t<\/div>\n\t\t\t\t<\/div>\n\t\t\t\t\t<\/div>\n\t\t<\/div>\n\t\t\t\t\t<\/div>\n\t\t<\/section>\n\t\t\t\t\t<\/div>\n\t\t<\/div>\n\t\t\t\t\t<\/div>\n\t\t<\/section>\n\t\t<div class=\"elementor-element elementor-element-8edeef0 e-flex e-con-boxed e-con e-parent\" data-id=\"8edeef0\" data-element_type=\"container\" data-e-type=\"container\">\n\t\t\t\t\t<div class=\"e-con-inner\">\n\t\t<div class=\"elementor-element elementor-element-b48c25b e-con-full e-flex e-con e-child\" data-id=\"b48c25b\" data-element_type=\"container\" data-e-type=\"container\">\n\t\t\t\t<div class=\"elementor-element elementor-element-226f8ef elementor-widget elementor-widget-heading\" data-id=\"226f8ef\" data-element_type=\"widget\" data-e-type=\"widget\" data-widget_type=\"heading.default\">\n\t\t\t\t<div class=\"elementor-widget-container\">\n\t\t\t\t\t<h2 class=\"elementor-heading-title elementor-size-default\">Spanish Colours<\/h2>\t\t\t\t<\/div>\n\t\t\t\t<\/div>\n\t\t\t\t<div class=\"elementor-element elementor-element-7088e3e elementor-widget elementor-widget-text-editor\" data-id=\"7088e3e\" data-element_type=\"widget\" data-e-type=\"widget\" data-widget_type=\"text-editor.default\">\n\t\t\t\t<div class=\"elementor-widget-container\">\n\t\t\t\t\t\t\t\t\t<p>Descubre nuestra biblioteca sinf\u00f3nica espa\u00f1ola \u00fanica y en constante evoluci\u00f3n, una mezcla de paisajes sonoros cinematogr\u00e1ficos con un toque aut\u00e9ntico espa\u00f1ol. Esta colecci\u00f3n especial ofrece stems para un uso flexible en una variedad de proyectos, mostrando la versatilidad y el car\u00e1cter distintivo de nuestras bibliotecas. Con una calidad de sonido inigualable, este \u00e1lbum es un ejemplo destacado de nuestro compromiso con la creaci\u00f3n de m\u00fasica excepcional.<\/p>\t\t\t\t\t\t\t\t<\/div>\n\t\t\t\t<\/div>\n\t\t\t\t<\/div>\n\t\t\t\t\t<\/div>\n\t\t\t\t<\/div>\n\t\t<div class=\"elementor-element elementor-element-7497549 e-flex e-con-boxed e-con e-parent\" data-id=\"7497549\" data-element_type=\"container\" data-e-type=\"container\">\n\t\t\t\t\t<div class=\"e-con-inner\">\n\t\t\t\t<div class=\"elementor-element elementor-element-4c2fa35 elementor-widget elementor-widget-slide-compact-player\" data-id=\"4c2fa35\" data-element_type=\"widget\" data-e-type=\"widget\" data-widget_type=\"slide-compact-player.default\">\n\t\t\t\t<div class=\"elementor-widget-container\">\n\t\t\t\t\t\r\n\t\t<div class=\"swp_music_player compact-player\" id=\"mpfe_69e4f2e324660\" data-autoplay=\"no\" data-playmode=\"repeat\" data-stopplaylistend=\"no\" data-stopsongend=\"no\" data-repeatmode=\"unset\" data-pfs=\"no\">\r\n\t\t\t<div class=\"swp-compact-player\">\r\n\t\t\t\t<div class=\"swp-compact-cover\">\r\n\t\t\t\t\t<div class=\"swp-compact-cover-container\"><\/div>\r\n\t\t\t\t\t<div class=\"compact-cover-overlay album_left_overlay lc_swp_overlay\"><\/div>\r\n\t\t\t\t<\/div>\r\n\r\n\t\t\t\t<div class=\"swp-compact-player-info\">\r\n\t\t\t\t\t<div class=\"compact-info-overlay album_right_overlay lc_swp_overlay\"><\/div>\r\n\t\t\t\t\t<div class=\"compact-info-content\">\r\n\t\t\t\t\t\t<div class=\"compact-info-top mpfe_clearfix\">\r\n\t\t\t\t\t\t\t<div class=\"compact-song-details\">\r\n\t\t\t\t\t\t\t\t<div class=\"current_song_name compact-song-name\"><\/div>\r\n\t\t\t\t\t\t\t\t<div class=\"current_album_name compact-album-name\"><\/div>\r\n\t\t\t\t\t\t\t<\/div>\r\n\t\t\t\t\t\t\t<div class=\"compact-play-pause\">\r\n\t\t\t\t\t\t\t\t<span class=\"compact-play-container\">\r\n\t\t\t\t\t\t\t\t\t<i class=\"fas fa-play player_play compact_play compact-playpause\"><\/i>\r\n\t\t\t\t\t\t\t\t<\/span>\r\n\t\t\t\t\t\t\t\t<span class=\"compact-pause-container\">\r\n\t\t\t\t\t\t\t\t\t<i class=\"fas fa-pause player_pause compact_pause compact-playpause display_none\"><\/i>\r\n\t\t\t\t\t\t\t\t<\/span>\r\n\t\t\t\t\t\t\t<\/div>\r\n\t\t\t\t\t\t<\/div>\r\n\r\n\t\t\t\t\t\t<div class=\"smc_player_progress_bar compact-progress-bar\">\r\n\t\t\t\t\t\t\t<div class=\"player_time_slider_base compact-player-slider-base ltr_direction\"><\/div>\r\n\t\t\t\t\t\t\t<div class=\"player_time_slider compact-player-slider\"><\/div>\r\n\t\t\t\t\t\t<\/div>\r\n\r\n\t\t\t\t\t\t<div class=\"compact-info-bottom mpfe_clearfix\">\r\n\t\t\t\t\t\t\t<div class=\"compact-timeline\">\r\n\t\t\t\t\t\t\t\t<span class=\"song_current_progress compact_current_progress\">0:00<\/span>\r\n\t\t\t\t\t\t\t\t<span class=\"player_duration_sep compact_duration_sep\">&#47;<\/span>\r\n\t\t\t\t\t\t\t\t<span class=\"song_duration compact_song_duration\">0:00<\/span>\r\n\t\t\t\t\t\t\t<\/div>\r\n\r\n\t\t\t\t\t\t\t\r\n\t\t\t\t\t\t\t<div class=\"compact-controls\">\r\n\t\t\t\t\t\t\t\t\r\n\t\t\t\t\t\t\t\t\t\t\t\t\t\t\t\t\t\t\t\t\t\t\t\t<i class=\"fas fa-step-backward mpfe-compact-bottom-player-icon\"><\/i>\r\n\t\t\t\t\t\t\t\t<i class=\"fas fa-step-forward mpfe-compact-bottom-player-icon\"><\/i>\r\n\t\t\t\t\t\t\t\t\t\t\t\t\t\t\t\t\t\t\t\t\t\t\t\t\r\n\r\n\r\n\t\t\t\t\t\t\t\t\t\t\t\t\t\t\t\t<i class=\"fas fa-list-ul mpfe-compact-list\"><\/i>\r\n\t\t\t\t\t\t\t\t\t\t\t\t\t\t\t<\/div>\r\n\t\t\t\t\t\t<\/div>\r\n\t\t\t\t\t<\/div>\r\n\t\t\t\t<\/div>\r\n\t\t\t<\/div>\r\n\r\n\t\t\t\r\n\t\t\t<div class=\"swp-compact-playlist swp-playlist-popup\">\r\n\t\t\t\t\t\t\t\t<div class=\"compact-close-playlist-container\">\r\n\t\t\t\t<\/div>\r\n\t\t\t\t\t\t\t\t<div class=\"swp-compact-playlist-inner-container swp-playlist-popup-inner\">\r\n\t\t\t\t\t<div class=\"swp-compact-playlist-inner\">\r\n\t\t\t\t\t\t\t<div class=\"swp_music_player_entry compact-player-entry mpfe_clearfix\" data-mediafile=\"https:\/\/riomisound.com\/wp-content\/uploads\/2024\/08\/PA-Albero.mp3\">\r\n\t\t\t<span class=\"swp_song_details player_entry_left compact_player_entry_left\">\r\n\t\t\t\t<span class=\"play_icon compact_player_playlist_under_play\">\r\n\t\t\t\t\t<i class=\"fas fa-play before_song compact_bs compact_bs_play\"><\/i>\r\n\t\t\t\t\t<i class=\"fas fa-pause before_song compact_bs compact_bs_pause display_none\"><\/i>\r\n\t\t\t\t<\/span>\r\n\t\t\t\t<span class=\"player_song_name transition3\" data-albumname=\"Spanish Colors\">\r\n\t\t\t\t\tAlbero\t\t\t\t<\/span>\r\n\t\t\t\t\t\t\t<\/span>\r\n\r\n\t\t\t<span class=\"entry_duration mpfe_fix_lh\"><\/span>\t\t\r\n\r\n\t\t\t<span class=\"song_buy_icons compact_buy_icons transition3 mpfe_clearfix mobile_visibility_hide\">\r\n\t\t\t\t\t\t\t\t\t\t\t\t\t\t\t\t\t\t\t<\/span>\r\n\r\n\t\t\t\t\t<\/div>\r\n\r\n\t\t\t\t<div class=\"swp_music_player_entry compact-player-entry mpfe_clearfix\" data-mediafile=\"https:\/\/riomisound.com\/wp-content\/uploads\/2024\/08\/SP-Magenta.mp3\">\r\n\t\t\t<span class=\"swp_song_details player_entry_left compact_player_entry_left\">\r\n\t\t\t\t<span class=\"play_icon compact_player_playlist_under_play\">\r\n\t\t\t\t\t<i class=\"fas fa-play before_song compact_bs compact_bs_play\"><\/i>\r\n\t\t\t\t\t<i class=\"fas fa-pause before_song compact_bs compact_bs_pause display_none\"><\/i>\r\n\t\t\t\t<\/span>\r\n\t\t\t\t<span class=\"player_song_name transition3\" data-albumname=\"Spanish Colors\">\r\n\t\t\t\t\tMagenta\t\t\t\t<\/span>\r\n\t\t\t\t\t\t\t<\/span>\r\n\r\n\t\t\t<span class=\"entry_duration mpfe_fix_lh\"><\/span>\t\t\r\n\r\n\t\t\t<span class=\"song_buy_icons compact_buy_icons transition3 mpfe_clearfix mobile_visibility_hide\">\r\n\t\t\t\t\t\t\t\t\t\t\t\t\t\t\t\t\t\t\t<\/span>\r\n\r\n\t\t\t\t\t<\/div>\r\n\r\n\t\t\t\t<div class=\"swp_music_player_entry compact-player-entry mpfe_clearfix\" data-mediafile=\"https:\/\/riomisound.com\/wp-content\/uploads\/2024\/08\/SP-Celeste.mp3\">\r\n\t\t\t<span class=\"swp_song_details player_entry_left compact_player_entry_left\">\r\n\t\t\t\t<span class=\"play_icon compact_player_playlist_under_play\">\r\n\t\t\t\t\t<i class=\"fas fa-play before_song compact_bs compact_bs_play\"><\/i>\r\n\t\t\t\t\t<i class=\"fas fa-pause before_song compact_bs compact_bs_pause display_none\"><\/i>\r\n\t\t\t\t<\/span>\r\n\t\t\t\t<span class=\"player_song_name transition3\" data-albumname=\"Spanish Colors\">\r\n\t\t\t\t\tCeleste\t\t\t\t<\/span>\r\n\t\t\t\t\t\t\t<\/span>\r\n\r\n\t\t\t<span class=\"entry_duration mpfe_fix_lh\"><\/span>\t\t\r\n\r\n\t\t\t<span class=\"song_buy_icons compact_buy_icons transition3 mpfe_clearfix mobile_visibility_hide\">\r\n\t\t\t\t\t\t\t\t\t\t\t\t\t\t\t\t\t\t\t<\/span>\r\n\r\n\t\t\t\t\t<\/div>\r\n\r\n\t\t\t\t<div class=\"swp_music_player_entry compact-player-entry mpfe_clearfix\" data-mediafile=\"https:\/\/riomisound.com\/wp-content\/uploads\/2024\/08\/SP-Naranja.mp3\">\r\n\t\t\t<span class=\"swp_song_details player_entry_left compact_player_entry_left\">\r\n\t\t\t\t<span class=\"play_icon compact_player_playlist_under_play\">\r\n\t\t\t\t\t<i class=\"fas fa-play before_song compact_bs compact_bs_play\"><\/i>\r\n\t\t\t\t\t<i class=\"fas fa-pause before_song compact_bs compact_bs_pause display_none\"><\/i>\r\n\t\t\t\t<\/span>\r\n\t\t\t\t<span class=\"player_song_name transition3\" data-albumname=\"Spanish Colors\">\r\n\t\t\t\t\tNaranja\t\t\t\t<\/span>\r\n\t\t\t\t\t\t\t<\/span>\r\n\r\n\t\t\t<span class=\"entry_duration mpfe_fix_lh\"><\/span>\t\t\r\n\r\n\t\t\t<span class=\"song_buy_icons compact_buy_icons transition3 mpfe_clearfix mobile_visibility_hide\">\r\n\t\t\t\t\t\t\t\t\t\t\t\t\t\t\t\t\t\t\t<\/span>\r\n\r\n\t\t\t\t\t<\/div>\r\n\r\n\t\t\t\t\t\t\t<\/div>\r\n\t\t\t\t<\/div>\r\n\t\t\t<\/div>\r\n\t\t<\/div>\r\n\r\n\t\t\t\t\t\t<\/div>\n\t\t\t\t<\/div>\n\t\t\t\t\t<\/div>\n\t\t\t\t<\/div>\n\t\t\t\t<\/div>","protected":false},"excerpt":{"rendered":"<p>music Music is the universal language that speaks directly to the heart\u2014let us compose the soundtrack that tells your story. Music composition With experience in composing music for over 2,000 projects, our team excels in creating compelling soundtracks for advertising, films, series, documentaries, and more. Whether it\u2019s a powerful score for a commercial or an [&hellip;]<\/p>\n","protected":false},"author":1,"featured_media":0,"parent":0,"menu_order":0,"comment_status":"closed","ping_status":"closed","template":"","meta":{"footnotes":""},"class_list":["post-477","page","type-page","status-publish","hentry"],"_links":{"self":[{"href":"https:\/\/riomisound.com\/es\/wp-json\/wp\/v2\/pages\/477","targetHints":{"allow":["GET"]}}],"collection":[{"href":"https:\/\/riomisound.com\/es\/wp-json\/wp\/v2\/pages"}],"about":[{"href":"https:\/\/riomisound.com\/es\/wp-json\/wp\/v2\/types\/page"}],"author":[{"embeddable":true,"href":"https:\/\/riomisound.com\/es\/wp-json\/wp\/v2\/users\/1"}],"replies":[{"embeddable":true,"href":"https:\/\/riomisound.com\/es\/wp-json\/wp\/v2\/comments?post=477"}],"version-history":[{"count":19,"href":"https:\/\/riomisound.com\/es\/wp-json\/wp\/v2\/pages\/477\/revisions"}],"predecessor-version":[{"id":529,"href":"https:\/\/riomisound.com\/es\/wp-json\/wp\/v2\/pages\/477\/revisions\/529"}],"wp:attachment":[{"href":"https:\/\/riomisound.com\/es\/wp-json\/wp\/v2\/media?parent=477"}],"curies":[{"name":"wp","href":"https:\/\/api.w.org\/{rel}","templated":true}]}}